{"id":1137,"date":"2022-07-28T10:03:06","date_gmt":"2022-07-28T10:03:06","guid":{"rendered":"https:\/\/honzajede.cz\/?page_id=1137"},"modified":"2025-09-17T15:29:06","modified_gmt":"2025-09-17T15:29:06","slug":"home","status":"publish","type":"page","link":"https:\/\/honzajede.cz\/en\/","title":{"rendered":"Home"},"content":{"rendered":"[vc_row][vc_column css=&#8221;.vc_custom_1657185921319{margin-bottom: 0px !important;border-bottom-width: 0px !important;padding-bottom: 0px !important;}&#8221;]\n\t\t\t<!-- START Slider 1 1 REVOLUTION SLIDER 6.5.25 --><p class=\"rs-p-wp-fix\"><\/p>\n\t\t\t<rs-module-wrap id=\"rev_slider_3_1_wrapper\" data-source=\"gallery\" style=\"visibility:hidden;background:transparent;padding:0;margin:0px auto;margin-top:0;margin-bottom:0;\">\n\t\t\t\t<rs-module id=\"rev_slider_3_1\" style=\"\" data-version=\"6.5.25\">\n\t\t\t\t\t<rs-slides>\n\t\t\t\t\t\t<rs-slide style=\"position: absolute;\" data-key=\"rs-12\" data-title=\"Slide\" data-in=\"o:0;\" data-out=\"a:false;\">\n\t\t\t\t\t\t\t<img decoding=\"async\" src=\"\/\/honzajede.cz\/wp-content\/plugins\/revslider\/public\/assets\/assets\/dummy.png\" alt=\"\" title=\"orig &#8211; kopie_180\" width=\"1500\" height=\"750\" class=\"rev-slidebg tp-rs-img rs-lazyload\" data-lazyload=\"\/\/honzajede.cz\/wp-content\/uploads\/2022\/07\/orig-kopie_180.jpg\" data-bg=\"p:left center;\" data-no-retina>\n<!--\n\t\t\t\t\t\t\t--><rs-layer\n\t\t\t\t\t\t\t\tid=\"slider-3-slide-12-layer-0\" \n\t\t\t\t\t\t\t\tdata-type=\"text\"\n\t\t\t\t\t\t\t\tdata-color=\"#ffffff\"\n\t\t\t\t\t\t\t\tdata-rsp_ch=\"on\"\n\t\t\t\t\t\t\t\tdata-xy=\"x:c;y:209px;\"\n\t\t\t\t\t\t\t\tdata-text=\"w:normal;s:35;l:40;fw:700;a:center;\"\n\t\t\t\t\t\t\t\tdata-frame_999=\"o:0;st:w;\"\n\t\t\t\t\t\t\t\tstyle=\"z-index:9;font-family:'Roboto';\"\n\t\t\t\t\t\t\t>Cycling in the middle of Europe \n\t\t\t\t\t\t\t<\/rs-layer><!--\n\n\t\t\t\t\t\t\t--><rs-layer\n\t\t\t\t\t\t\t\tid=\"slider-3-slide-12-layer-1\" \n\t\t\t\t\t\t\t\tdata-type=\"text\"\n\t\t\t\t\t\t\t\tdata-color=\"#ffffff\"\n\t\t\t\t\t\t\t\tdata-rsp_ch=\"on\"\n\t\t\t\t\t\t\t\tdata-xy=\"x:c;y:291px;\"\n\t\t\t\t\t\t\t\tdata-text=\"w:normal;s:30;l:35;fw:500;\"\n\t\t\t\t\t\t\t\tdata-dim=\"minh:0px;\"\n\t\t\t\t\t\t\t\tdata-frame_999=\"o:0;st:w;\"\n\t\t\t\t\t\t\t\tstyle=\"z-index:10;font-family:'Montserrat';\"\n\t\t\t\t\t\t\t>Blog about Bikepacking, Gravel riding and MTB \n\t\t\t\t\t\t\t<\/rs-layer><!--\n-->\t\t\t\t\t\t<\/rs-slide>\n\t\t\t\t\t<\/rs-slides>\n\t\t\t\t\t<rs-static-layers><!--\n\t\t\t\t\t--><\/rs-static-layers>\n\t\t\t\t<\/rs-module>\n\t\t\t\t<script>\n\t\t\t\t\tsetREVStartSize({c: 'rev_slider_3_1',rl:[1240,1024,778,480],el:[530],gw:[980],gh:[530],type:'hero',justify:'',layout:'fullwidth',mh:\"0\"});if (window.RS_MODULES!==undefined && window.RS_MODULES.modules!==undefined && window.RS_MODULES.modules[\"revslider31\"]!==undefined) {window.RS_MODULES.modules[\"revslider31\"].once = false;window.revapi3 = undefined;if (window.RS_MODULES.checkMinimal!==undefined) window.RS_MODULES.checkMinimal()}\n\t\t\t\t<\/script>\n\t\t\t<\/rs-module-wrap>\n\t\t\t<!-- END REVOLUTION SLIDER -->\n[\/vc_column][\/vc_row][vc_row full_width=&#8221;stretch_row&#8221; css=&#8221;.vc_custom_1657212743786{padding-top: 75px !important;padding-bottom: 50px !important;background-color: #f7f7f7 !important;}&#8221;][vc_column width=&#8221;2\/3&#8243;]<div class=\"vcex-heading vcex-module wpex-text-2xl wpex-font-normal wpex-m-auto wpex-max-w-100 vcex-heading-plain wpex-block\" style=\"font-size:22px;font-weight:500;\"><span class=\"vcex-heading-inner wpex-inline-block wpex-clr\">A few words at the beginning...<\/span><\/div>[vc_empty_space][vc_column_text]I went on a bike trip with panniers for the first time in April 2019, but it wasn&#8217;t until the year 2022 that I found my trips interesting enough to create a blog about my travels.<\/p>\n<p>Even an average cyclist like me can have very strong experiences on a bike, whether positive or negative. In my case, the positive ones clearly prevail. In my opinion, the basic keys to success are thorough preparation, determination and, of course, a bit of luck.<\/p>\n<p>I will be very happy if this blog motivates someone to pack up and ride a bike into the countryside for a few days. Ideally, after reading a few lines of text on my website, you say to yourself: &#8220;If he can do it, I can too.&#8221; And off you go.[\/vc_column_text][vc_row_inner][vc_column_inner offset=&#8221;vc_hidden-lg vc_hidden-md&#8221;][vc_single_image image=&#8221;412&#8243; css=&#8221;.vc_custom_1658832714501{padding-top: 60px !important;}&#8221;][\/vc_column_inner][\/vc_row_inner][\/vc_column][vc_column width=&#8221;1\/3&#8243; offset=&#8221;vc_hidden-sm vc_hidden-xs&#8221;][vc_single_image image=&#8221;459&#8243; css=&#8221;.vc_custom_1659246946919{padding-top: 60px !important;}&#8221;][\/vc_column][\/vc_row][vc_row full_width=&#8221;stretch_row&#8221; css=&#8221;.vc_custom_1657185712890{padding-top: 50px !important;padding-bottom: 100px !important;background-color: #ffffff !important;}&#8221;][vc_column]<div class=\"vcex-heading vcex-module wpex-text-2xl wpex-font-normal wpex-m-auto wpex-max-w-100 vcex-heading-plain wpex-block wpex-text-center\" style=\"font-size:33px;font-weight:500;\"><span class=\"vcex-heading-inner wpex-inline-block wpex-clr\">Blog<\/span><\/div>[vc_empty_space height=&#8221;32&#8243;]<div class=\"vcex-module vcex-divider-multicolor wpex-flex wpex-max-w-100 wpex-m-auto wpex-clr\"><span class=\"wpex-flex-grow\" style=\"background:#031b60;\"><\/span><span class=\"wpex-flex-grow\" style=\"background:#2b47d1;\"><\/span><span class=\"wpex-flex-grow\" style=\"background:#4c7aef;\"><\/span><span class=\"wpex-flex-grow\" style=\"background:#00b2ff;\"><\/span><span class=\"wpex-flex-grow\" style=\"background:#02cc8f;\"><\/span><span class=\"wpex-flex-grow\" style=\"background:#11e2c5;\"><\/span><span class=\"wpex-flex-grow\" style=\"background:#6ffceb;\"><\/span><span class=\"wpex-flex-grow\" style=\"background:#b0fbff;\"><\/span><\/div>[vc_empty_space height=&#8221;50px&#8221;]<div class=\"vcex-module vcex-blog-grid-wrap wpex-clr\"><div class=\"wpex-row vcex-blog-grid wpex-clr entries\"><div class=\"vcex-blog-entry vcex-grid-item entry-has-details span_1_of_3 col-1 col post-1322 entry type-post has-media cat-17 translation_priority-11\"><div class=\"vcex-blog-entry-inner entry-inner wpex-first-mt-0 wpex-last-mb-0 wpex-clr\"><div class=\"vcex-blog-entry-media entry-media\"><a href=\"https:\/\/honzajede.cz\/en\/bikepacking-en\/bikepacking-europe-2023-spain-andorra-france-italy-switzerland-austria-germany-cz\/\" title=\"Bikepacking Europe 2023 | Spain, Andorra, France, Italy, Switzerland, Austria, Germany, CZ\"><img decoding=\"async\" width=\"958\" height=\"718\" src=\"https:\/\/honzajede.cz\/wp-content\/uploads\/2023\/09\/Bikepacking-Europe-mapa-Spanelsko-Andorra-Francie-Italie-Svycarsko-Rakousko-Nemecko-CR-kopie.png.jpg\" class=\"vcex-blog-entry-img wpex-align-middle\" alt=\"\" loading=\"lazy\" srcset=\"https:\/\/honzajede.cz\/wp-content\/uploads\/2023\/09\/Bikepacking-Europe-mapa-Spanelsko-Andorra-Francie-Italie-Svycarsko-Rakousko-Nemecko-CR-kopie.png.jpg 958w, https:\/\/honzajede.cz\/wp-content\/uploads\/2023\/09\/Bikepacking-Europe-mapa-Spanelsko-Andorra-Francie-Italie-Svycarsko-Rakousko-Nemecko-CR-kopie.png-300x225.jpg 300w, https:\/\/honzajede.cz\/wp-content\/uploads\/2023\/09\/Bikepacking-Europe-mapa-Spanelsko-Andorra-Francie-Italie-Svycarsko-Rakousko-Nemecko-CR-kopie.png-768x576.jpg 768w\" sizes=\"(max-width: 958px) 100vw, 958px\" \/><\/a><\/div><div class=\"vcex-blog-entry-details entry-details wpex-bordered wpex-first-mt-0 wpex-last-mb-0 wpex-clr\"><h2 class=\"vcex-blog-entry-title entry-title wpex-mb-5\"><a href=\"https:\/\/honzajede.cz\/en\/bikepacking-en\/bikepacking-europe-2023-spain-andorra-france-italy-switzerland-austria-germany-cz\/\">Bikepacking Europe 2023 | Spain, Andorra, France, Italy, Switzerland, Austria, Germany, CZ<\/a><\/h2><div class=\"vcex-blog-entry-date entry-date wpex-text-sm wpex-text-3 wpex-mb-5\">September 13, 2023<\/div><div class=\"vcex-blog-entry-excerpt entry-excerpt wpex-my-15 wpex-last-mb-0 wpex-clr\"><p>It is autumn 2022 and after successfully embracing the Czech Republic, I am thinking about&hellip;<\/p><\/div><div class=\"vcex-blog-entry-readmore-wrap entry-readmore-wrap wpex-my-15 wpex-clr\"><a href=\"https:\/\/honzajede.cz\/en\/bikepacking-en\/bikepacking-europe-2023-spain-andorra-france-italy-switzerland-austria-germany-cz\/\" class=\"theme-button\" aria-label=\"Read more about Bikepacking Europe 2023 | Spain, Andorra, France, Italy, Switzerland, Austria, Germany, CZ\">Read more<\/a><\/div><\/div><\/div><\/div><div class=\"vcex-blog-entry vcex-grid-item entry-has-details span_1_of_3 col-2 col post-1313 entry type-post has-media cat-17\"><div class=\"vcex-blog-entry-inner entry-inner wpex-first-mt-0 wpex-last-mb-0 wpex-clr\"><div class=\"vcex-blog-entry-media entry-media\"><a href=\"https:\/\/honzajede.cz\/en\/bikepacking-en\/south-bohemia-on-a-bike-with-drone\/\" title=\"South Bohemia &#8211; On a Bike with Drone\"><img decoding=\"async\" width=\"750\" height=\"563\" src=\"https:\/\/honzajede.cz\/wp-content\/uploads\/2022\/10\/20221006_124603-kopie.jpg\" class=\"vcex-blog-entry-img wpex-align-middle\" alt=\"\" loading=\"lazy\" srcset=\"https:\/\/honzajede.cz\/wp-content\/uploads\/2022\/10\/20221006_124603-kopie.jpg 750w, https:\/\/honzajede.cz\/wp-content\/uploads\/2022\/10\/20221006_124603-kopie-300x225.jpg 300w\" sizes=\"(max-width: 750px) 100vw, 750px\" \/><\/a><\/div><div class=\"vcex-blog-entry-details entry-details wpex-bordered wpex-first-mt-0 wpex-last-mb-0 wpex-clr\"><h2 class=\"vcex-blog-entry-title entry-title wpex-mb-5\"><a href=\"https:\/\/honzajede.cz\/en\/bikepacking-en\/south-bohemia-on-a-bike-with-drone\/\">South Bohemia &#8211; On a Bike with Drone<\/a><\/h2><div class=\"vcex-blog-entry-date entry-date wpex-text-sm wpex-text-3 wpex-mb-5\">October 17, 2022<\/div><div class=\"vcex-blog-entry-excerpt entry-excerpt wpex-my-15 wpex-last-mb-0 wpex-clr\"><p>Indian summer, which came to the Czech Republic at the beginning of October, could not&hellip;<\/p><\/div><div class=\"vcex-blog-entry-readmore-wrap entry-readmore-wrap wpex-my-15 wpex-clr\"><a href=\"https:\/\/honzajede.cz\/en\/bikepacking-en\/south-bohemia-on-a-bike-with-drone\/\" class=\"theme-button\" aria-label=\"Read more about South Bohemia &#8211; On a Bike with Drone\">Read more<\/a><\/div><\/div><\/div><\/div><div class=\"vcex-blog-entry vcex-grid-item entry-has-details span_1_of_3 col-3 col post-1307 entry type-post has-media cat-17\"><div class=\"vcex-blog-entry-inner entry-inner wpex-first-mt-0 wpex-last-mb-0 wpex-clr\"><div class=\"vcex-blog-entry-media entry-media\"><a href=\"https:\/\/honzajede.cz\/en\/bikepacking-en\/slovenia-on-bikes\/\" title=\"Slovenia on Bikes\"><img decoding=\"async\" width=\"1000\" height=\"751\" src=\"https:\/\/honzajede.cz\/wp-content\/uploads\/2022\/10\/20220716_171212.jpg\" class=\"vcex-blog-entry-img wpex-align-middle\" alt=\"\" loading=\"lazy\" srcset=\"https:\/\/honzajede.cz\/wp-content\/uploads\/2022\/10\/20220716_171212.jpg 1000w, https:\/\/honzajede.cz\/wp-content\/uploads\/2022\/10\/20220716_171212-300x225.jpg 300w, https:\/\/honzajede.cz\/wp-content\/uploads\/2022\/10\/20220716_171212-768x577.jpg 768w\" sizes=\"(max-width: 1000px) 100vw, 1000px\" \/><\/a><\/div><div class=\"vcex-blog-entry-details entry-details wpex-bordered wpex-first-mt-0 wpex-last-mb-0 wpex-clr\"><h2 class=\"vcex-blog-entry-title entry-title wpex-mb-5\"><a href=\"https:\/\/honzajede.cz\/en\/bikepacking-en\/slovenia-on-bikes\/\">Slovenia on Bikes<\/a><\/h2><div class=\"vcex-blog-entry-date entry-date wpex-text-sm wpex-text-3 wpex-mb-5\">October 14, 2022<\/div><div class=\"vcex-blog-entry-excerpt entry-excerpt wpex-my-15 wpex-last-mb-0 wpex-clr\"><p>With my friends \u0158\u00edzek and Matou\u0161, we have already covered the Czech Republic quite a&hellip;<\/p><\/div><div class=\"vcex-blog-entry-readmore-wrap entry-readmore-wrap wpex-my-15 wpex-clr\"><a href=\"https:\/\/honzajede.cz\/en\/bikepacking-en\/slovenia-on-bikes\/\" class=\"theme-button\" aria-label=\"Read more about Slovenia on Bikes\">Read more<\/a><\/div><\/div><\/div><\/div><\/div><\/div>[vc_empty_space height=&#8221;25px&#8221;]<div class=\"theme-button-wrap textcenter wpex-clr\"><a href=\"https:\/\/honzajede.cz\/en\/blog\/\" class=\"vcex-button theme-button align-center inline\"><span class=\"theme-button-inner\">More posts<\/span><\/a><\/div> [\/vc_column][\/vc_row]\n","protected":false},"excerpt":{"rendered":"<p>[vc_row][vc_column css=&#8221;.vc_custom_1657185921319{margin-bottom: 0px !important;border-bottom-width: 0px !important;padding-bottom: 0px !important;}&#8221;][\/vc_column][\/vc_row][vc_row full_width=&#8221;stretch_row&#8221; css=&#8221;.vc_custom_1657212743786{padding-top: 75px !important;padding-bottom: 50px !important;background-color: #f7f7f7 !important;}&#8221;][vc_column width=&#8221;2\/3&#8243;][vc_empty_space][vc_column_text]I went on a bike trip with panniers for the first time in April 2019, but it wasn&#8217;t until the year 2022 that I found my trips interesting enough to create a blog about my travels. Even an average&hellip;<\/p>\n","protected":false},"author":1,"featured_media":0,"parent":0,"menu_order":0,"comment_status":"closed","ping_status":"closed","template":"","meta":{"footnotes":"","_wp_rev_ctl_limit":""},"yoast_head":"<!-- This site is optimized with the Yoast SEO plugin v21.9 - https:\/\/yoast.com\/wordpress\/plugins\/seo\/ -->\n<title>HONZA JEDE! | Blog about bikepacking, Gravel riding and MTB<\/title>\n<meta name=\"description\" content=\"Bikepacking EUROPE but also local rides in the central Europe on gravel, roads and MTB. Check out my non profit blog.\" \/>\n<meta name=\"robots\" content=\"index, follow, max-snippet:-1, max-image-preview:large, max-video-preview:-1\" \/>\n<link rel=\"canonical\" href=\"https:\/\/honzajede.cz\/en\/\" \/>\n<meta property=\"og:locale\" content=\"en_US\" \/>\n<meta property=\"og:type\" content=\"article\" \/>\n<meta property=\"og:title\" content=\"HONZA JEDE! | Blog about bikepacking, Gravel riding and MTB\" \/>\n<meta property=\"og:description\" content=\"Bikepacking EUROPE but also local rides in the central Europe on gravel, roads and MTB. Check out my non profit blog.\" \/>\n<meta property=\"og:url\" content=\"https:\/\/honzajede.cz\/en\/\" \/>\n<meta property=\"og:site_name\" content=\"HONZA JEDE!\" \/>\n<meta property=\"article:publisher\" content=\"https:\/\/www.facebook.com\/Honzajedecz-108304548601117\" \/>\n<meta property=\"article:modified_time\" content=\"2025-09-17T15:29:06+00:00\" \/>\n<meta name=\"twitter:card\" content=\"summary_large_image\" \/>\n<meta name=\"twitter:label1\" content=\"Est. reading time\" \/>\n\t<meta name=\"twitter:data1\" content=\"2 minutes\" \/>\n<script type=\"application\/ld+json\" class=\"yoast-schema-graph\">{\"@context\":\"https:\/\/schema.org\",\"@graph\":[{\"@type\":\"WebPage\",\"@id\":\"https:\/\/honzajede.cz\/en\/\",\"url\":\"https:\/\/honzajede.cz\/en\/\",\"name\":\"HONZA JEDE! | Blog about bikepacking, Gravel riding and MTB\",\"isPartOf\":{\"@id\":\"https:\/\/honzajede.cz\/#website\"},\"datePublished\":\"2022-07-28T10:03:06+00:00\",\"dateModified\":\"2025-09-17T15:29:06+00:00\",\"description\":\"Bikepacking EUROPE but also local rides in the central Europe on gravel, roads and MTB. Check out my non profit blog.\",\"breadcrumb\":{\"@id\":\"https:\/\/honzajede.cz\/en\/#breadcrumb\"},\"inLanguage\":\"en-US\",\"potentialAction\":[{\"@type\":\"ReadAction\",\"target\":[\"https:\/\/honzajede.cz\/en\/\"]}]},{\"@type\":\"BreadcrumbList\",\"@id\":\"https:\/\/honzajede.cz\/en\/#breadcrumb\",\"itemListElement\":[{\"@type\":\"ListItem\",\"position\":1,\"name\":\"Dom\u016f\",\"item\":\"https:\/\/honzajede.cz\/en\/\"},{\"@type\":\"ListItem\",\"position\":2,\"name\":\"Home\"}]},{\"@type\":\"WebSite\",\"@id\":\"https:\/\/honzajede.cz\/#website\",\"url\":\"https:\/\/honzajede.cz\/\",\"name\":\"HONZA JEDE! | Blog o bikepackingu, MTB a silni\u010dn\u00ed cyklistice\",\"description\":\"Na kole nejen po \u010cR | Blog o bikepackingu\",\"publisher\":{\"@id\":\"https:\/\/honzajede.cz\/#\/schema\/person\/49c30288a25e9c5fdb8b5b82960b31d1\"},\"potentialAction\":[{\"@type\":\"SearchAction\",\"target\":{\"@type\":\"EntryPoint\",\"urlTemplate\":\"https:\/\/honzajede.cz\/?s={search_term_string}\"},\"query-input\":\"required name=search_term_string\"}],\"inLanguage\":\"en-US\"},{\"@type\":[\"Person\",\"Organization\"],\"@id\":\"https:\/\/honzajede.cz\/#\/schema\/person\/49c30288a25e9c5fdb8b5b82960b31d1\",\"name\":\"Honza\",\"image\":{\"@type\":\"ImageObject\",\"inLanguage\":\"en-US\",\"@id\":\"https:\/\/honzajede.cz\/#\/schema\/person\/image\/\",\"url\":\"https:\/\/honzajede.cz\/wp-content\/uploads\/2022\/06\/honzajede.cz-logo-01_orez.png\",\"contentUrl\":\"https:\/\/honzajede.cz\/wp-content\/uploads\/2022\/06\/honzajede.cz-logo-01_orez.png\",\"width\":1848,\"height\":1852,\"caption\":\"Honza\"},\"logo\":{\"@id\":\"https:\/\/honzajede.cz\/#\/schema\/person\/image\/\"},\"sameAs\":[\"https:\/\/honzajede.cz\",\"https:\/\/www.facebook.com\/Honzajedecz-108304548601117\",\"https:\/\/www.instagram.com\/honzajede.cz\/\"]}]}<\/script>\n<!-- \/ Yoast SEO plugin. -->","yoast_head_json":{"title":"HONZA JEDE! | Blog about bikepacking, Gravel riding and MTB","description":"Bikepacking EUROPE but also local rides in the central Europe on gravel, roads and MTB. Check out my non profit blog.","robots":{"index":"index","follow":"follow","max-snippet":"max-snippet:-1","max-image-preview":"max-image-preview:large","max-video-preview":"max-video-preview:-1"},"canonical":"https:\/\/honzajede.cz\/en\/","og_locale":"en_US","og_type":"article","og_title":"HONZA JEDE! | Blog about bikepacking, Gravel riding and MTB","og_description":"Bikepacking EUROPE but also local rides in the central Europe on gravel, roads and MTB. Check out my non profit blog.","og_url":"https:\/\/honzajede.cz\/en\/","og_site_name":"HONZA JEDE!","article_publisher":"https:\/\/www.facebook.com\/Honzajedecz-108304548601117","article_modified_time":"2025-09-17T15:29:06+00:00","twitter_card":"summary_large_image","twitter_misc":{"Est. reading time":"2 minutes"},"schema":{"@context":"https:\/\/schema.org","@graph":[{"@type":"WebPage","@id":"https:\/\/honzajede.cz\/en\/","url":"https:\/\/honzajede.cz\/en\/","name":"HONZA JEDE! | Blog about bikepacking, Gravel riding and MTB","isPartOf":{"@id":"https:\/\/honzajede.cz\/#website"},"datePublished":"2022-07-28T10:03:06+00:00","dateModified":"2025-09-17T15:29:06+00:00","description":"Bikepacking EUROPE but also local rides in the central Europe on gravel, roads and MTB. Check out my non profit blog.","breadcrumb":{"@id":"https:\/\/honzajede.cz\/en\/#breadcrumb"},"inLanguage":"en-US","potentialAction":[{"@type":"ReadAction","target":["https:\/\/honzajede.cz\/en\/"]}]},{"@type":"BreadcrumbList","@id":"https:\/\/honzajede.cz\/en\/#breadcrumb","itemListElement":[{"@type":"ListItem","position":1,"name":"Dom\u016f","item":"https:\/\/honzajede.cz\/en\/"},{"@type":"ListItem","position":2,"name":"Home"}]},{"@type":"WebSite","@id":"https:\/\/honzajede.cz\/#website","url":"https:\/\/honzajede.cz\/","name":"HONZA JEDE! | Blog o bikepackingu, MTB a silni\u010dn\u00ed cyklistice","description":"Na kole nejen po \u010cR | Blog o bikepackingu","publisher":{"@id":"https:\/\/honzajede.cz\/#\/schema\/person\/49c30288a25e9c5fdb8b5b82960b31d1"},"potentialAction":[{"@type":"SearchAction","target":{"@type":"EntryPoint","urlTemplate":"https:\/\/honzajede.cz\/?s={search_term_string}"},"query-input":"required name=search_term_string"}],"inLanguage":"en-US"},{"@type":["Person","Organization"],"@id":"https:\/\/honzajede.cz\/#\/schema\/person\/49c30288a25e9c5fdb8b5b82960b31d1","name":"Honza","image":{"@type":"ImageObject","inLanguage":"en-US","@id":"https:\/\/honzajede.cz\/#\/schema\/person\/image\/","url":"https:\/\/honzajede.cz\/wp-content\/uploads\/2022\/06\/honzajede.cz-logo-01_orez.png","contentUrl":"https:\/\/honzajede.cz\/wp-content\/uploads\/2022\/06\/honzajede.cz-logo-01_orez.png","width":1848,"height":1852,"caption":"Honza"},"logo":{"@id":"https:\/\/honzajede.cz\/#\/schema\/person\/image\/"},"sameAs":["https:\/\/honzajede.cz","https:\/\/www.facebook.com\/Honzajedecz-108304548601117","https:\/\/www.instagram.com\/honzajede.cz\/"]}]}},"_links":{"self":[{"href":"https:\/\/honzajede.cz\/en\/wp-json\/wp\/v2\/pages\/1137"}],"collection":[{"href":"https:\/\/honzajede.cz\/en\/wp-json\/wp\/v2\/pages"}],"about":[{"href":"https:\/\/honzajede.cz\/en\/wp-json\/wp\/v2\/types\/page"}],"author":[{"embeddable":true,"href":"https:\/\/honzajede.cz\/en\/wp-json\/wp\/v2\/users\/1"}],"replies":[{"embeddable":true,"href":"https:\/\/honzajede.cz\/en\/wp-json\/wp\/v2\/comments?post=1137"}],"version-history":[{"count":8,"href":"https:\/\/honzajede.cz\/en\/wp-json\/wp\/v2\/pages\/1137\/revisions"}],"predecessor-version":[{"id":1596,"href":"https:\/\/honzajede.cz\/en\/wp-json\/wp\/v2\/pages\/1137\/revisions\/1596"}],"wp:attachment":[{"href":"https:\/\/honzajede.cz\/en\/wp-json\/wp\/v2\/media?parent=1137"}],"curies":[{"name":"wp","href":"https:\/\/api.w.org\/{rel}","templated":true}]}}