{"id":1244,"date":"2022-06-29T08:39:05","date_gmt":"2022-06-29T08:39:05","guid":{"rendered":"https:\/\/honzajede.cz\/?page_id=1244"},"modified":"2023-10-04T09:17:16","modified_gmt":"2023-10-04T09:17:16","slug":"about-me","status":"publish","type":"page","link":"https:\/\/honzajede.cz\/en\/about-me\/","title":{"rendered":"About me"},"content":{"rendered":"[vc_row][vc_column][vc_column_text]My name is Honza and I live by sport. In addition to kitesurfing, paragliding, via ferrata, hiking, paddleboarding, my hobby is cycling. In 2022 I went on more challenging trips and decided to describe my expeditions in this blog. I will be very happy if I inspire someone and decide to go out on a bike in nature. Whether for a weekend or a month.<\/p>\n<p>You can also look at my\u00a0<a href=\"https:\/\/www.instagram.com\/honzajede.cz\/\" target=\"_blank\" rel=\"noopener\"><strong>Instagram<\/strong><\/a>, <a href=\"https:\/\/www.facebook.com\/Honzajedecz-108304548601117\" target=\"_blank\" rel=\"noopener\"><strong>Facebook<\/strong><\/a> or <a href=\"https:\/\/www.strava.com\/athletes\/56139306\" target=\"_blank\" rel=\"noopener\"><strong>Strava<\/strong><\/a>.[\/vc_column_text][\/vc_column][\/vc_row][vc_row][vc_column]<div class=\"vcex-heading vcex-module wpex-text-2xl wpex-font-normal wpex-m-auto wpex-max-w-100 vcex-heading-plain wpex-block\" style=\"font-size:25px;font-weight:500;\"><span class=\"vcex-heading-inner wpex-inline-block wpex-clr\">Interesting Facts About Me<\/span><\/div>[vc_empty_space][vc_column_text]\n<ul>\n<li>work or study in <strong>8 countries of the world<\/strong><\/li>\n<li>solo <strong>paragliding flight<\/strong> from Slovenia to Italy and back &#8211;<strong> 99,3 km<\/strong> &#8211; 5h 24m<\/li>\n<li>2012 &#8211; 2016 &#8211; <strong>kitesurfing team rider<\/strong> &#8211; sponsored by Kites.cz<\/li>\n<li>Embracing the Czech Republic by bike across the border in <strong>16 days<\/strong><\/li>\n<li>the longest bike ride <strong>300.4 km<\/strong>, elevation 3,320 m<\/li>\n<li>education &#8211; gymnasium + economic education<\/li>\n<\/ul>\n[\/vc_column_text][vc_empty_space height=&#8221;64px&#8221;]<div class=\"vcex-image-grid-wrap wpex-clr\"><div class=\"vcex-module vcex-image-grid grid-style-default wpex-row wpex-clr wpex-lightbox-group\"><div class=\"id-957 vcex-image-grid-entry vcex-grid-item textcenter span_1_of_4 col col-1\"><figure class=\"vcex-image-grid-entry-figure wpex-last-mb-0 wpex-clr\"><div class=\"vcex-image-grid-entry-img entry-media wpex-mb-20\"><a href=\"https:\/\/honzajede.cz\/wp-content\/uploads\/2022\/06\/42846174_10214939456353106_217858045676355584_n-1.jpg\" class=\"vcex-image-grid-entry-img wpex-lightbox-group-item\" ><img decoding=\"async\" width=\"1199\" height=\"900\" src=\"https:\/\/honzajede.cz\/wp-content\/uploads\/2022\/06\/42846174_10214939456353106_217858045676355584_n-1.jpg\" class=\"wpex-align-middle\" alt=\"\" loading=\"lazy\" srcset=\"https:\/\/honzajede.cz\/wp-content\/uploads\/2022\/06\/42846174_10214939456353106_217858045676355584_n-1.jpg 1199w, https:\/\/honzajede.cz\/wp-content\/uploads\/2022\/06\/42846174_10214939456353106_217858045676355584_n-1-300x225.jpg 300w, https:\/\/honzajede.cz\/wp-content\/uploads\/2022\/06\/42846174_10214939456353106_217858045676355584_n-1-1024x769.jpg 1024w, https:\/\/honzajede.cz\/wp-content\/uploads\/2022\/06\/42846174_10214939456353106_217858045676355584_n-1-768x576.jpg 768w\" sizes=\"(max-width: 1199px) 100vw, 1199px\" \/><\/a><\/div><\/figure><\/div><div class=\"id-954 vcex-image-grid-entry vcex-grid-item textcenter span_1_of_4 col col-2\"><figure class=\"vcex-image-grid-entry-figure wpex-last-mb-0 wpex-clr\"><div class=\"vcex-image-grid-entry-img entry-media wpex-mb-20\"><a href=\"https:\/\/honzajede.cz\/wp-content\/uploads\/2022\/06\/919383_10200567499143158_1071619447_o-1.jpg\" class=\"vcex-image-grid-entry-img wpex-lightbox-group-item\" ><img decoding=\"async\" width=\"1944\" height=\"1461\" src=\"https:\/\/honzajede.cz\/wp-content\/uploads\/2022\/06\/919383_10200567499143158_1071619447_o-1.jpg\" class=\"wpex-align-middle\" alt=\"\" loading=\"lazy\" srcset=\"https:\/\/honzajede.cz\/wp-content\/uploads\/2022\/06\/919383_10200567499143158_1071619447_o-1.jpg 1944w, https:\/\/honzajede.cz\/wp-content\/uploads\/2022\/06\/919383_10200567499143158_1071619447_o-1-300x225.jpg 300w, https:\/\/honzajede.cz\/wp-content\/uploads\/2022\/06\/919383_10200567499143158_1071619447_o-1-1024x770.jpg 1024w, https:\/\/honzajede.cz\/wp-content\/uploads\/2022\/06\/919383_10200567499143158_1071619447_o-1-768x577.jpg 768w, https:\/\/honzajede.cz\/wp-content\/uploads\/2022\/06\/919383_10200567499143158_1071619447_o-1-1536x1154.jpg 1536w\" sizes=\"(max-width: 1944px) 100vw, 1944px\" \/><\/a><\/div><\/figure><\/div><div class=\"id-955 vcex-image-grid-entry vcex-grid-item textcenter span_1_of_4 col col-3\"><figure class=\"vcex-image-grid-entry-figure wpex-last-mb-0 wpex-clr\"><div class=\"vcex-image-grid-entry-img entry-media wpex-mb-20\"><a href=\"https:\/\/honzajede.cz\/wp-content\/uploads\/2022\/06\/20046771_10211743124726813_8911895375866500678_n-1.jpg\" class=\"vcex-image-grid-entry-img wpex-lightbox-group-item\" ><img decoding=\"async\" width=\"600\" height=\"450\" src=\"https:\/\/honzajede.cz\/wp-content\/uploads\/2022\/06\/20046771_10211743124726813_8911895375866500678_n-1.jpg\" class=\"wpex-align-middle\" alt=\"\" loading=\"lazy\" srcset=\"https:\/\/honzajede.cz\/wp-content\/uploads\/2022\/06\/20046771_10211743124726813_8911895375866500678_n-1.jpg 600w, https:\/\/honzajede.cz\/wp-content\/uploads\/2022\/06\/20046771_10211743124726813_8911895375866500678_n-1-300x225.jpg 300w\" sizes=\"(max-width: 600px) 100vw, 600px\" \/><\/a><\/div><\/figure><\/div><div class=\"id-958 vcex-image-grid-entry vcex-grid-item textcenter span_1_of_4 col col-4\"><figure class=\"vcex-image-grid-entry-figure wpex-last-mb-0 wpex-clr\"><div class=\"vcex-image-grid-entry-img entry-media wpex-mb-20\"><a href=\"https:\/\/honzajede.cz\/wp-content\/uploads\/2022\/06\/66758645_10216863736138898_479295080100790272_n-1.jpg\" class=\"vcex-image-grid-entry-img wpex-lightbox-group-item\" ><img decoding=\"async\" width=\"750\" height=\"562\" src=\"https:\/\/honzajede.cz\/wp-content\/uploads\/2022\/06\/66758645_10216863736138898_479295080100790272_n-1.jpg\" class=\"wpex-align-middle\" alt=\"\" loading=\"lazy\" srcset=\"https:\/\/honzajede.cz\/wp-content\/uploads\/2022\/06\/66758645_10216863736138898_479295080100790272_n-1.jpg 750w, https:\/\/honzajede.cz\/wp-content\/uploads\/2022\/06\/66758645_10216863736138898_479295080100790272_n-1-300x225.jpg 300w\" sizes=\"(max-width: 750px) 100vw, 750px\" \/><\/a><\/div><\/figure><\/div><div class=\"id-956 vcex-image-grid-entry vcex-grid-item textcenter span_1_of_4 col col-1\"><figure class=\"vcex-image-grid-entry-figure wpex-last-mb-0 wpex-clr\"><div class=\"vcex-image-grid-entry-img entry-media wpex-mb-20\"><a href=\"https:\/\/honzajede.cz\/wp-content\/uploads\/2022\/06\/31957683_10213977909875045_1438803877972410368_n-1.jpg\" class=\"vcex-image-grid-entry-img wpex-lightbox-group-item\" ><img decoding=\"async\" width=\"1023\" height=\"768\" src=\"https:\/\/honzajede.cz\/wp-content\/uploads\/2022\/06\/31957683_10213977909875045_1438803877972410368_n-1.jpg\" class=\"wpex-align-middle\" alt=\"\" loading=\"lazy\" srcset=\"https:\/\/honzajede.cz\/wp-content\/uploads\/2022\/06\/31957683_10213977909875045_1438803877972410368_n-1.jpg 1023w, https:\/\/honzajede.cz\/wp-content\/uploads\/2022\/06\/31957683_10213977909875045_1438803877972410368_n-1-300x225.jpg 300w, https:\/\/honzajede.cz\/wp-content\/uploads\/2022\/06\/31957683_10213977909875045_1438803877972410368_n-1-768x577.jpg 768w\" sizes=\"(max-width: 1023px) 100vw, 1023px\" \/><\/a><\/div><\/figure><\/div><div class=\"id-960 vcex-image-grid-entry vcex-grid-item textcenter span_1_of_4 col col-2\"><figure class=\"vcex-image-grid-entry-figure wpex-last-mb-0 wpex-clr\"><div class=\"vcex-image-grid-entry-img entry-media wpex-mb-20\"><a href=\"https:\/\/honzajede.cz\/wp-content\/uploads\/2022\/06\/83070736_10219843764957756_9093654749496591019_n-1-1.jpg\" class=\"vcex-image-grid-entry-img wpex-lightbox-group-item\" ><img decoding=\"async\" width=\"1797\" height=\"1348\" src=\"https:\/\/honzajede.cz\/wp-content\/uploads\/2022\/06\/83070736_10219843764957756_9093654749496591019_n-1-1.jpg\" class=\"wpex-align-middle\" alt=\"\" loading=\"lazy\" srcset=\"https:\/\/honzajede.cz\/wp-content\/uploads\/2022\/06\/83070736_10219843764957756_9093654749496591019_n-1-1.jpg 1797w, https:\/\/honzajede.cz\/wp-content\/uploads\/2022\/06\/83070736_10219843764957756_9093654749496591019_n-1-1-300x225.jpg 300w, https:\/\/honzajede.cz\/wp-content\/uploads\/2022\/06\/83070736_10219843764957756_9093654749496591019_n-1-1-1024x768.jpg 1024w, https:\/\/honzajede.cz\/wp-content\/uploads\/2022\/06\/83070736_10219843764957756_9093654749496591019_n-1-1-768x576.jpg 768w, https:\/\/honzajede.cz\/wp-content\/uploads\/2022\/06\/83070736_10219843764957756_9093654749496591019_n-1-1-1536x1152.jpg 1536w\" sizes=\"(max-width: 1797px) 100vw, 1797px\" \/><\/a><\/div><\/figure><\/div><div class=\"id-961 vcex-image-grid-entry vcex-grid-item textcenter span_1_of_4 col col-3\"><figure class=\"vcex-image-grid-entry-figure wpex-last-mb-0 wpex-clr\"><div class=\"vcex-image-grid-entry-img entry-media wpex-mb-20\"><a href=\"https:\/\/honzajede.cz\/wp-content\/uploads\/2022\/06\/104243820_10219843765037758_3885442225223571026_n-1.jpg\" class=\"vcex-image-grid-entry-img wpex-lightbox-group-item\" ><img decoding=\"async\" width=\"1793\" height=\"1346\" src=\"https:\/\/honzajede.cz\/wp-content\/uploads\/2022\/06\/104243820_10219843765037758_3885442225223571026_n-1.jpg\" class=\"wpex-align-middle\" alt=\"\" loading=\"lazy\" srcset=\"https:\/\/honzajede.cz\/wp-content\/uploads\/2022\/06\/104243820_10219843765037758_3885442225223571026_n-1.jpg 1793w, https:\/\/honzajede.cz\/wp-content\/uploads\/2022\/06\/104243820_10219843765037758_3885442225223571026_n-1-300x225.jpg 300w, https:\/\/honzajede.cz\/wp-content\/uploads\/2022\/06\/104243820_10219843765037758_3885442225223571026_n-1-1024x769.jpg 1024w, https:\/\/honzajede.cz\/wp-content\/uploads\/2022\/06\/104243820_10219843765037758_3885442225223571026_n-1-768x577.jpg 768w, https:\/\/honzajede.cz\/wp-content\/uploads\/2022\/06\/104243820_10219843765037758_3885442225223571026_n-1-1536x1153.jpg 1536w\" sizes=\"(max-width: 1793px) 100vw, 1793px\" \/><\/a><\/div><\/figure><\/div><div class=\"id-964 vcex-image-grid-entry vcex-grid-item textcenter span_1_of_4 col col-4\"><figure class=\"vcex-image-grid-entry-figure wpex-last-mb-0 wpex-clr\"><div class=\"vcex-image-grid-entry-img entry-media wpex-mb-20\"><a href=\"https:\/\/honzajede.cz\/wp-content\/uploads\/2022\/06\/IMG_20200710_142940_018.jpg\" class=\"vcex-image-grid-entry-img wpex-lightbox-group-item\" data-caption=\"burst\"><img decoding=\"async\" width=\"1840\" height=\"1380\" src=\"https:\/\/honzajede.cz\/wp-content\/uploads\/2022\/06\/IMG_20200710_142940_018.jpg\" class=\"wpex-align-middle\" alt=\"\" loading=\"lazy\" srcset=\"https:\/\/honzajede.cz\/wp-content\/uploads\/2022\/06\/IMG_20200710_142940_018.jpg 1840w, https:\/\/honzajede.cz\/wp-content\/uploads\/2022\/06\/IMG_20200710_142940_018-300x225.jpg 300w, https:\/\/honzajede.cz\/wp-content\/uploads\/2022\/06\/IMG_20200710_142940_018-1024x768.jpg 1024w, https:\/\/honzajede.cz\/wp-content\/uploads\/2022\/06\/IMG_20200710_142940_018-768x576.jpg 768w, https:\/\/honzajede.cz\/wp-content\/uploads\/2022\/06\/IMG_20200710_142940_018-1536x1152.jpg 1536w\" sizes=\"(max-width: 1840px) 100vw, 1840px\" \/><\/a><\/div><\/figure><\/div><div class=\"id-962 vcex-image-grid-entry vcex-grid-item textcenter span_1_of_4 col col-1\"><figure class=\"vcex-image-grid-entry-figure wpex-last-mb-0 wpex-clr\"><div class=\"vcex-image-grid-entry-img entry-media wpex-mb-20\"><a href=\"https:\/\/honzajede.cz\/wp-content\/uploads\/2022\/06\/120132922_10220646326181285_1422668927392826439_n.jpg\" class=\"vcex-image-grid-entry-img wpex-lightbox-group-item\" ><img decoding=\"async\" width=\"526\" height=\"658\" src=\"https:\/\/honzajede.cz\/wp-content\/uploads\/2022\/06\/120132922_10220646326181285_1422668927392826439_n.jpg\" class=\"wpex-align-middle\" alt=\"\" loading=\"lazy\" srcset=\"https:\/\/honzajede.cz\/wp-content\/uploads\/2022\/06\/120132922_10220646326181285_1422668927392826439_n.jpg 526w, https:\/\/honzajede.cz\/wp-content\/uploads\/2022\/06\/120132922_10220646326181285_1422668927392826439_n-240x300.jpg 240w\" sizes=\"(max-width: 526px) 100vw, 526px\" \/><\/a><\/div><\/figure><\/div><div class=\"id-965 vcex-image-grid-entry vcex-grid-item textcenter span_1_of_4 col col-2\"><figure class=\"vcex-image-grid-entry-figure wpex-last-mb-0 wpex-clr\"><div class=\"vcex-image-grid-entry-img entry-media wpex-mb-20\"><a href=\"https:\/\/honzajede.cz\/wp-content\/uploads\/2022\/06\/IMG_20200712_124703-1.jpg\" class=\"vcex-image-grid-entry-img wpex-lightbox-group-item\" ><img decoding=\"async\" width=\"451\" height=\"564\" src=\"https:\/\/honzajede.cz\/wp-content\/uploads\/2022\/06\/IMG_20200712_124703-1.jpg\" class=\"wpex-align-middle\" alt=\"\" loading=\"lazy\" srcset=\"https:\/\/honzajede.cz\/wp-content\/uploads\/2022\/06\/IMG_20200712_124703-1.jpg 451w, https:\/\/honzajede.cz\/wp-content\/uploads\/2022\/06\/IMG_20200712_124703-1-240x300.jpg 240w\" sizes=\"(max-width: 451px) 100vw, 451px\" \/><\/a><\/div><\/figure><\/div><div class=\"id-959 vcex-image-grid-entry vcex-grid-item textcenter span_1_of_4 col col-3\"><figure class=\"vcex-image-grid-entry-figure wpex-last-mb-0 wpex-clr\"><div class=\"vcex-image-grid-entry-img entry-media wpex-mb-20\"><a href=\"https:\/\/honzajede.cz\/wp-content\/uploads\/2022\/06\/67272156_10216944791765238_1527768675195551744_n.jpg\" class=\"vcex-image-grid-entry-img wpex-lightbox-group-item\" ><img decoding=\"async\" width=\"480\" height=\"600\" src=\"https:\/\/honzajede.cz\/wp-content\/uploads\/2022\/06\/67272156_10216944791765238_1527768675195551744_n.jpg\" class=\"wpex-align-middle\" alt=\"\" loading=\"lazy\" srcset=\"https:\/\/honzajede.cz\/wp-content\/uploads\/2022\/06\/67272156_10216944791765238_1527768675195551744_n.jpg 480w, https:\/\/honzajede.cz\/wp-content\/uploads\/2022\/06\/67272156_10216944791765238_1527768675195551744_n-240x300.jpg 240w\" sizes=\"(max-width: 480px) 100vw, 480px\" \/><\/a><\/div><\/figure><\/div><div class=\"id-963 vcex-image-grid-entry vcex-grid-item textcenter span_1_of_4 col col-4\"><figure class=\"vcex-image-grid-entry-figure wpex-last-mb-0 wpex-clr\"><div class=\"vcex-image-grid-entry-img entry-media wpex-mb-20\"><a href=\"https:\/\/honzajede.cz\/wp-content\/uploads\/2022\/06\/240532403_10223075870678379_7776391954317776366_n-1.jpg\" class=\"vcex-image-grid-entry-img wpex-lightbox-group-item\" ><img decoding=\"async\" width=\"1150\" height=\"1440\" src=\"https:\/\/honzajede.cz\/wp-content\/uploads\/2022\/06\/240532403_10223075870678379_7776391954317776366_n-1.jpg\" class=\"wpex-align-middle\" alt=\"\" loading=\"lazy\" srcset=\"https:\/\/honzajede.cz\/wp-content\/uploads\/2022\/06\/240532403_10223075870678379_7776391954317776366_n-1.jpg 1150w, https:\/\/honzajede.cz\/wp-content\/uploads\/2022\/06\/240532403_10223075870678379_7776391954317776366_n-1-240x300.jpg 240w, https:\/\/honzajede.cz\/wp-content\/uploads\/2022\/06\/240532403_10223075870678379_7776391954317776366_n-1-818x1024.jpg 818w, https:\/\/honzajede.cz\/wp-content\/uploads\/2022\/06\/240532403_10223075870678379_7776391954317776366_n-1-768x962.jpg 768w\" sizes=\"(max-width: 1150px) 100vw, 1150px\" \/><\/a><\/div><\/figure><\/div><\/div><\/div>[\/vc_column][\/vc_row]\n","protected":false},"excerpt":{"rendered":"<p>[vc_row][vc_column][vc_column_text]My name is Honza and I live by sport. In addition to kitesurfing, paragliding, via ferrata, hiking, paddleboarding, my hobby is cycling. In 2022 I went on more challenging trips and decided to describe my expeditions in this blog. I will be very happy if I inspire someone and decide to go out on a&hellip;<\/p>\n","protected":false},"author":1,"featured_media":0,"parent":0,"menu_order":0,"comment_status":"closed","ping_status":"closed","template":"","meta":{"footnotes":"","_wp_rev_ctl_limit":""},"yoast_head":"<!-- This site is optimized with the Yoast SEO plugin v21.9 - https:\/\/yoast.com\/wordpress\/plugins\/seo\/ -->\n<title>About me | HONZA JEDE!<\/title>\n<meta name=\"robots\" content=\"index, follow, max-snippet:-1, max-image-preview:large, max-video-preview:-1\" \/>\n<link rel=\"canonical\" href=\"https:\/\/honzajede.cz\/en\/about-me\/\" \/>\n<meta property=\"og:locale\" content=\"en_US\" \/>\n<meta property=\"og:type\" content=\"article\" \/>\n<meta property=\"og:title\" content=\"About me | HONZA JEDE!\" \/>\n<meta property=\"og:description\" content=\"[vc_row][vc_column][vc_column_text]My name is Honza and I live by sport. In addition to kitesurfing, paragliding, via ferrata, hiking, paddleboarding, my hobby is cycling. In 2022 I went on more challenging trips and decided to describe my expeditions in this blog. I will be very happy if I inspire someone and decide to go out on a&hellip;\" \/>\n<meta property=\"og:url\" content=\"https:\/\/honzajede.cz\/en\/about-me\/\" \/>\n<meta property=\"og:site_name\" content=\"HONZA JEDE!\" \/>\n<meta property=\"article:publisher\" content=\"https:\/\/www.facebook.com\/Honzajedecz-108304548601117\" \/>\n<meta property=\"article:modified_time\" content=\"2023-10-04T09:17:16+00:00\" \/>\n<meta name=\"twitter:card\" content=\"summary_large_image\" \/>\n<meta name=\"twitter:label1\" content=\"Est. reading time\" \/>\n\t<meta name=\"twitter:data1\" content=\"1 minute\" \/>\n<script type=\"application\/ld+json\" class=\"yoast-schema-graph\">{\"@context\":\"https:\/\/schema.org\",\"@graph\":[{\"@type\":\"WebPage\",\"@id\":\"https:\/\/honzajede.cz\/en\/about-me\/\",\"url\":\"https:\/\/honzajede.cz\/en\/about-me\/\",\"name\":\"About me | HONZA JEDE!\",\"isPartOf\":{\"@id\":\"https:\/\/honzajede.cz\/#website\"},\"datePublished\":\"2022-06-29T08:39:05+00:00\",\"dateModified\":\"2023-10-04T09:17:16+00:00\",\"breadcrumb\":{\"@id\":\"https:\/\/honzajede.cz\/en\/about-me\/#breadcrumb\"},\"inLanguage\":\"en-US\",\"potentialAction\":[{\"@type\":\"ReadAction\",\"target\":[\"https:\/\/honzajede.cz\/en\/about-me\/\"]}]},{\"@type\":\"BreadcrumbList\",\"@id\":\"https:\/\/honzajede.cz\/en\/about-me\/#breadcrumb\",\"itemListElement\":[{\"@type\":\"ListItem\",\"position\":1,\"name\":\"Dom\u016f\",\"item\":\"https:\/\/honzajede.cz\/en\/\"},{\"@type\":\"ListItem\",\"position\":2,\"name\":\"About me\"}]},{\"@type\":\"WebSite\",\"@id\":\"https:\/\/honzajede.cz\/#website\",\"url\":\"https:\/\/honzajede.cz\/\",\"name\":\"HONZA JEDE! | Blog o bikepackingu, MTB a silni\u010dn\u00ed cyklistice\",\"description\":\"Na kole nejen po \u010cR | Blog o bikepackingu\",\"publisher\":{\"@id\":\"https:\/\/honzajede.cz\/#\/schema\/person\/49c30288a25e9c5fdb8b5b82960b31d1\"},\"potentialAction\":[{\"@type\":\"SearchAction\",\"target\":{\"@type\":\"EntryPoint\",\"urlTemplate\":\"https:\/\/honzajede.cz\/?s={search_term_string}\"},\"query-input\":\"required name=search_term_string\"}],\"inLanguage\":\"en-US\"},{\"@type\":[\"Person\",\"Organization\"],\"@id\":\"https:\/\/honzajede.cz\/#\/schema\/person\/49c30288a25e9c5fdb8b5b82960b31d1\",\"name\":\"Honza\",\"image\":{\"@type\":\"ImageObject\",\"inLanguage\":\"en-US\",\"@id\":\"https:\/\/honzajede.cz\/#\/schema\/person\/image\/\",\"url\":\"https:\/\/honzajede.cz\/wp-content\/uploads\/2022\/06\/honzajede.cz-logo-01_orez.png\",\"contentUrl\":\"https:\/\/honzajede.cz\/wp-content\/uploads\/2022\/06\/honzajede.cz-logo-01_orez.png\",\"width\":1848,\"height\":1852,\"caption\":\"Honza\"},\"logo\":{\"@id\":\"https:\/\/honzajede.cz\/#\/schema\/person\/image\/\"},\"sameAs\":[\"https:\/\/honzajede.cz\",\"https:\/\/www.facebook.com\/Honzajedecz-108304548601117\",\"https:\/\/www.instagram.com\/honzajede.cz\/\"]}]}<\/script>\n<!-- \/ Yoast SEO plugin. -->","yoast_head_json":{"title":"About me | HONZA JEDE!","robots":{"index":"index","follow":"follow","max-snippet":"max-snippet:-1","max-image-preview":"max-image-preview:large","max-video-preview":"max-video-preview:-1"},"canonical":"https:\/\/honzajede.cz\/en\/about-me\/","og_locale":"en_US","og_type":"article","og_title":"About me | HONZA JEDE!","og_description":"[vc_row][vc_column][vc_column_text]My name is Honza and I live by sport. In addition to kitesurfing, paragliding, via ferrata, hiking, paddleboarding, my hobby is cycling. In 2022 I went on more challenging trips and decided to describe my expeditions in this blog. I will be very happy if I inspire someone and decide to go out on a&hellip;","og_url":"https:\/\/honzajede.cz\/en\/about-me\/","og_site_name":"HONZA JEDE!","article_publisher":"https:\/\/www.facebook.com\/Honzajedecz-108304548601117","article_modified_time":"2023-10-04T09:17:16+00:00","twitter_card":"summary_large_image","twitter_misc":{"Est. reading time":"1 minute"},"schema":{"@context":"https:\/\/schema.org","@graph":[{"@type":"WebPage","@id":"https:\/\/honzajede.cz\/en\/about-me\/","url":"https:\/\/honzajede.cz\/en\/about-me\/","name":"About me | HONZA JEDE!","isPartOf":{"@id":"https:\/\/honzajede.cz\/#website"},"datePublished":"2022-06-29T08:39:05+00:00","dateModified":"2023-10-04T09:17:16+00:00","breadcrumb":{"@id":"https:\/\/honzajede.cz\/en\/about-me\/#breadcrumb"},"inLanguage":"en-US","potentialAction":[{"@type":"ReadAction","target":["https:\/\/honzajede.cz\/en\/about-me\/"]}]},{"@type":"BreadcrumbList","@id":"https:\/\/honzajede.cz\/en\/about-me\/#breadcrumb","itemListElement":[{"@type":"ListItem","position":1,"name":"Dom\u016f","item":"https:\/\/honzajede.cz\/en\/"},{"@type":"ListItem","position":2,"name":"About me"}]},{"@type":"WebSite","@id":"https:\/\/honzajede.cz\/#website","url":"https:\/\/honzajede.cz\/","name":"HONZA JEDE! | Blog o bikepackingu, MTB a silni\u010dn\u00ed cyklistice","description":"Na kole nejen po \u010cR | Blog o bikepackingu","publisher":{"@id":"https:\/\/honzajede.cz\/#\/schema\/person\/49c30288a25e9c5fdb8b5b82960b31d1"},"potentialAction":[{"@type":"SearchAction","target":{"@type":"EntryPoint","urlTemplate":"https:\/\/honzajede.cz\/?s={search_term_string}"},"query-input":"required name=search_term_string"}],"inLanguage":"en-US"},{"@type":["Person","Organization"],"@id":"https:\/\/honzajede.cz\/#\/schema\/person\/49c30288a25e9c5fdb8b5b82960b31d1","name":"Honza","image":{"@type":"ImageObject","inLanguage":"en-US","@id":"https:\/\/honzajede.cz\/#\/schema\/person\/image\/","url":"https:\/\/honzajede.cz\/wp-content\/uploads\/2022\/06\/honzajede.cz-logo-01_orez.png","contentUrl":"https:\/\/honzajede.cz\/wp-content\/uploads\/2022\/06\/honzajede.cz-logo-01_orez.png","width":1848,"height":1852,"caption":"Honza"},"logo":{"@id":"https:\/\/honzajede.cz\/#\/schema\/person\/image\/"},"sameAs":["https:\/\/honzajede.cz","https:\/\/www.facebook.com\/Honzajedecz-108304548601117","https:\/\/www.instagram.com\/honzajede.cz\/"]}]}},"_links":{"self":[{"href":"https:\/\/honzajede.cz\/en\/wp-json\/wp\/v2\/pages\/1244"}],"collection":[{"href":"https:\/\/honzajede.cz\/en\/wp-json\/wp\/v2\/pages"}],"about":[{"href":"https:\/\/honzajede.cz\/en\/wp-json\/wp\/v2\/types\/page"}],"author":[{"embeddable":true,"href":"https:\/\/honzajede.cz\/en\/wp-json\/wp\/v2\/users\/1"}],"replies":[{"embeddable":true,"href":"https:\/\/honzajede.cz\/en\/wp-json\/wp\/v2\/comments?post=1244"}],"version-history":[{"count":3,"href":"https:\/\/honzajede.cz\/en\/wp-json\/wp\/v2\/pages\/1244\/revisions"}],"predecessor-version":[{"id":1382,"href":"https:\/\/honzajede.cz\/en\/wp-json\/wp\/v2\/pages\/1244\/revisions\/1382"}],"wp:attachment":[{"href":"https:\/\/honzajede.cz\/en\/wp-json\/wp\/v2\/media?parent=1244"}],"curies":[{"name":"wp","href":"https:\/\/api.w.org\/{rel}","templated":true}]}}