{"id":1281,"date":"2022-11-15T13:09:13","date_gmt":"2022-11-15T13:09:13","guid":{"rendered":"https:\/\/honzajede.cz\/?page_id=1281"},"modified":"2023-09-22T15:23:39","modified_gmt":"2023-09-22T15:23:39","slug":"gravel-canyon-grizl-cf-7","status":"publish","type":"page","link":"https:\/\/honzajede.cz\/en\/gravel-canyon-grizl-cf-7\/","title":{"rendered":"Gravel Canyon Grizl CF 7"},"content":{"rendered":"[vc_row][vc_column][vc_column_text]I&#8217;ve been eyeing some gravel for a while. And since Canyon has wheels with well-balanced components at a good price, I checked out the Canyon Grizl CF 6. But since it wasn&#8217;t in stock, I did some more googling, thought, and finally decided on the 2&#215;11 drivetrain that the Grizl CF 7 model has. My choice so she fell on him. You just had to wait for it to be available.<\/p>\n<p>Before I bought the bike, I told myself that in order to internally justify the purchase of the bike, it would take some serious expedition. From the Czech Republic, I traveled through \u0160umava, Ore Mountains, Bohemian Switzerland, Lusatian Mountains, Jizera Mountains, Vyso\u010dina, T\u0159ebo\u0148 Region. How about going around the entire republic by bike along the border? Hmm, that&#8217;s a good reason to buy a gravel :-).<\/p>\n<p>It excited me as an idea, I opened mapy.cz, marked a rough route, checked the number of kilometers and altitude meters and it was clear that I was going to embrace <a href=\"https:\/\/honzajede.cz\/en\/bikepacking-en\/czech-republic-on-a-bike-across-the-border\/\">the Czech Republic on a bike across the border<\/a>.[\/vc_column_text][vc_empty_space]<div class=\"vcex-image-grid-wrap wpex-clr\"><div class=\"vcex-module vcex-image-grid grid-style-default wpex-row wpex-clr wpex-lightbox-group\"><div class=\"id-1145 vcex-image-grid-entry vcex-grid-item textcenter span_1_of_6 col col-1\"><figure class=\"vcex-image-grid-entry-figure wpex-last-mb-0 wpex-clr\"><div class=\"vcex-image-grid-entry-img entry-media wpex-mb-20\"><a href=\"https:\/\/honzajede.cz\/wp-content\/uploads\/2022\/11\/20220529_114121.jpg\" class=\"vcex-image-grid-entry-img wpex-lightbox-group-item\" ><img decoding=\"async\" width=\"750\" height=\"1000\" src=\"https:\/\/honzajede.cz\/wp-content\/uploads\/2022\/11\/20220529_114121.jpg\" class=\"wpex-align-middle\" alt=\"\" loading=\"lazy\" srcset=\"https:\/\/honzajede.cz\/wp-content\/uploads\/2022\/11\/20220529_114121.jpg 750w, https:\/\/honzajede.cz\/wp-content\/uploads\/2022\/11\/20220529_114121-225x300.jpg 225w\" sizes=\"(max-width: 750px) 100vw, 750px\" \/><\/a><\/div><\/figure><\/div><div class=\"id-1147 vcex-image-grid-entry vcex-grid-item textcenter span_1_of_6 col col-2\"><figure class=\"vcex-image-grid-entry-figure wpex-last-mb-0 wpex-clr\"><div class=\"vcex-image-grid-entry-img entry-media wpex-mb-20\"><a href=\"https:\/\/honzajede.cz\/wp-content\/uploads\/2022\/11\/20220602_140822.jpg\" class=\"vcex-image-grid-entry-img wpex-lightbox-group-item\" ><img decoding=\"async\" width=\"750\" height=\"1000\" src=\"https:\/\/honzajede.cz\/wp-content\/uploads\/2022\/11\/20220602_140822.jpg\" class=\"wpex-align-middle\" alt=\"\" loading=\"lazy\" srcset=\"https:\/\/honzajede.cz\/wp-content\/uploads\/2022\/11\/20220602_140822.jpg 750w, https:\/\/honzajede.cz\/wp-content\/uploads\/2022\/11\/20220602_140822-225x300.jpg 225w\" sizes=\"(max-width: 750px) 100vw, 750px\" \/><\/a><\/div><\/figure><\/div><div class=\"id-1134 vcex-image-grid-entry vcex-grid-item textcenter span_1_of_6 col col-3\"><figure class=\"vcex-image-grid-entry-figure wpex-last-mb-0 wpex-clr\"><div class=\"vcex-image-grid-entry-img entry-media wpex-mb-20\"><a href=\"https:\/\/honzajede.cz\/wp-content\/uploads\/2022\/11\/20221006_155811.jpg\" class=\"vcex-image-grid-entry-img wpex-lightbox-group-item\" ><img decoding=\"async\" width=\"749\" height=\"1000\" src=\"https:\/\/honzajede.cz\/wp-content\/uploads\/2022\/11\/20221006_155811.jpg\" class=\"wpex-align-middle\" alt=\"\" loading=\"lazy\" srcset=\"https:\/\/honzajede.cz\/wp-content\/uploads\/2022\/11\/20221006_155811.jpg 749w, https:\/\/honzajede.cz\/wp-content\/uploads\/2022\/11\/20221006_155811-225x300.jpg 225w\" sizes=\"(max-width: 749px) 100vw, 749px\" \/><\/a><\/div><\/figure><\/div><div class=\"id-1148 vcex-image-grid-entry vcex-grid-item textcenter span_1_of_6 col col-4\"><figure class=\"vcex-image-grid-entry-figure wpex-last-mb-0 wpex-clr\"><div class=\"vcex-image-grid-entry-img entry-media wpex-mb-20\"><a href=\"https:\/\/honzajede.cz\/wp-content\/uploads\/2022\/11\/20220610_105140.jpg\" class=\"vcex-image-grid-entry-img wpex-lightbox-group-item\" ><img decoding=\"async\" width=\"750\" height=\"1000\" src=\"https:\/\/honzajede.cz\/wp-content\/uploads\/2022\/11\/20220610_105140.jpg\" class=\"wpex-align-middle\" alt=\"\" loading=\"lazy\" srcset=\"https:\/\/honzajede.cz\/wp-content\/uploads\/2022\/11\/20220610_105140.jpg 750w, https:\/\/honzajede.cz\/wp-content\/uploads\/2022\/11\/20220610_105140-225x300.jpg 225w\" sizes=\"(max-width: 750px) 100vw, 750px\" \/><\/a><\/div><\/figure><\/div><div class=\"id-1132 vcex-image-grid-entry vcex-grid-item textcenter span_1_of_6 col col-5\"><figure class=\"vcex-image-grid-entry-figure wpex-last-mb-0 wpex-clr\"><div class=\"vcex-image-grid-entry-img entry-media wpex-mb-20\"><a href=\"https:\/\/honzajede.cz\/wp-content\/uploads\/2022\/11\/20220717_181119.jpg\" class=\"vcex-image-grid-entry-img wpex-lightbox-group-item\" ><img decoding=\"async\" width=\"750\" height=\"1000\" src=\"https:\/\/honzajede.cz\/wp-content\/uploads\/2022\/11\/20220717_181119.jpg\" class=\"wpex-align-middle\" alt=\"\" loading=\"lazy\" srcset=\"https:\/\/honzajede.cz\/wp-content\/uploads\/2022\/11\/20220717_181119.jpg 750w, https:\/\/honzajede.cz\/wp-content\/uploads\/2022\/11\/20220717_181119-225x300.jpg 225w\" sizes=\"(max-width: 750px) 100vw, 750px\" \/><\/a><\/div><\/figure><\/div><div class=\"id-1133 vcex-image-grid-entry vcex-grid-item textcenter span_1_of_6 col col-6\"><figure class=\"vcex-image-grid-entry-figure wpex-last-mb-0 wpex-clr\"><div class=\"vcex-image-grid-entry-img entry-media wpex-mb-20\"><a href=\"https:\/\/honzajede.cz\/wp-content\/uploads\/2022\/11\/20220720_112205.jpg\" class=\"vcex-image-grid-entry-img wpex-lightbox-group-item\" ><img decoding=\"async\" width=\"749\" height=\"1000\" src=\"https:\/\/honzajede.cz\/wp-content\/uploads\/2022\/11\/20220720_112205.jpg\" class=\"wpex-align-middle\" alt=\"\" loading=\"lazy\" srcset=\"https:\/\/honzajede.cz\/wp-content\/uploads\/2022\/11\/20220720_112205.jpg 749w, https:\/\/honzajede.cz\/wp-content\/uploads\/2022\/11\/20220720_112205-225x300.jpg 225w\" sizes=\"(max-width: 749px) 100vw, 749px\" \/><\/a><\/div><\/figure><\/div><\/div><\/div>[\/vc_column][\/vc_row][vc_row][vc_column]<h2 class=\"vcex-heading vcex-module wpex-text-2xl wpex-font-normal wpex-m-auto wpex-max-w-100 vcex-heading-plain wpex-block\" style=\"font-size:20px;font-weight:500;\"><span class=\"vcex-heading-inner wpex-inline-block wpex-clr\">Road Wheels - Mavic Ksyrium S<\/span><\/h2>[vc_empty_space height=&#8221;16px&#8221;][vc_column_text]For the bike I bought a set of Mavic Ksyrium S road wheels and Schwalbe One 28mm tires. This combination really rocks, let it be proof that I managed to drive 300 km in one go.[\/vc_column_text][vc_empty_space]<div class=\"vcex-image-grid-wrap wpex-clr\"><div class=\"vcex-module vcex-image-grid grid-style-default wpex-row wpex-clr wpex-lightbox-group\"><div class=\"id-1135 vcex-image-grid-entry vcex-grid-item textcenter span_1_of_6 col col-1\"><figure class=\"vcex-image-grid-entry-figure wpex-last-mb-0 wpex-clr\"><div class=\"vcex-image-grid-entry-img entry-media wpex-mb-20\"><a href=\"https:\/\/honzajede.cz\/wp-content\/uploads\/2022\/11\/20220414_175412.jpg\" class=\"vcex-image-grid-entry-img wpex-lightbox-group-item\" ><img decoding=\"async\" width=\"750\" height=\"1000\" src=\"https:\/\/honzajede.cz\/wp-content\/uploads\/2022\/11\/20220414_175412.jpg\" class=\"wpex-align-middle\" alt=\"\" loading=\"lazy\" srcset=\"https:\/\/honzajede.cz\/wp-content\/uploads\/2022\/11\/20220414_175412.jpg 750w, https:\/\/honzajede.cz\/wp-content\/uploads\/2022\/11\/20220414_175412-225x300.jpg 225w\" sizes=\"(max-width: 750px) 100vw, 750px\" \/><\/a><\/div><\/figure><\/div><div class=\"id-1136 vcex-image-grid-entry vcex-grid-item textcenter span_1_of_6 col col-2\"><figure class=\"vcex-image-grid-entry-figure wpex-last-mb-0 wpex-clr\"><div class=\"vcex-image-grid-entry-img entry-media wpex-mb-20\"><a href=\"https:\/\/honzajede.cz\/wp-content\/uploads\/2022\/11\/20220623_200957.jpg\" class=\"vcex-image-grid-entry-img wpex-lightbox-group-item\" ><img decoding=\"async\" width=\"750\" height=\"1000\" src=\"https:\/\/honzajede.cz\/wp-content\/uploads\/2022\/11\/20220623_200957.jpg\" class=\"wpex-align-middle\" alt=\"\" loading=\"lazy\" srcset=\"https:\/\/honzajede.cz\/wp-content\/uploads\/2022\/11\/20220623_200957.jpg 750w, https:\/\/honzajede.cz\/wp-content\/uploads\/2022\/11\/20220623_200957-225x300.jpg 225w\" sizes=\"(max-width: 750px) 100vw, 750px\" \/><\/a><\/div><\/figure><\/div><div class=\"id-1141 vcex-image-grid-entry vcex-grid-item textcenter span_1_of_6 col col-3\"><figure class=\"vcex-image-grid-entry-figure wpex-last-mb-0 wpex-clr\"><div class=\"vcex-image-grid-entry-img entry-media wpex-mb-20\"><a href=\"https:\/\/honzajede.cz\/wp-content\/uploads\/2022\/11\/20220810_074307.jpg\" class=\"vcex-image-grid-entry-img wpex-lightbox-group-item\" ><img decoding=\"async\" width=\"748\" height=\"1000\" src=\"https:\/\/honzajede.cz\/wp-content\/uploads\/2022\/11\/20220810_074307.jpg\" class=\"wpex-align-middle\" alt=\"\" loading=\"lazy\" srcset=\"https:\/\/honzajede.cz\/wp-content\/uploads\/2022\/11\/20220810_074307.jpg 748w, https:\/\/honzajede.cz\/wp-content\/uploads\/2022\/11\/20220810_074307-224x300.jpg 224w\" sizes=\"(max-width: 748px) 100vw, 748px\" \/><\/a><\/div><\/figure><\/div><div class=\"id-1142 vcex-image-grid-entry vcex-grid-item textcenter span_1_of_6 col col-4\"><figure class=\"vcex-image-grid-entry-figure wpex-last-mb-0 wpex-clr\"><div class=\"vcex-image-grid-entry-img entry-media wpex-mb-20\"><a href=\"https:\/\/honzajede.cz\/wp-content\/uploads\/2022\/11\/20220810_121001.jpg\" class=\"vcex-image-grid-entry-img wpex-lightbox-group-item\" ><img decoding=\"async\" width=\"750\" height=\"1000\" src=\"https:\/\/honzajede.cz\/wp-content\/uploads\/2022\/11\/20220810_121001.jpg\" class=\"wpex-align-middle\" alt=\"\" loading=\"lazy\" srcset=\"https:\/\/honzajede.cz\/wp-content\/uploads\/2022\/11\/20220810_121001.jpg 750w, https:\/\/honzajede.cz\/wp-content\/uploads\/2022\/11\/20220810_121001-225x300.jpg 225w\" sizes=\"(max-width: 750px) 100vw, 750px\" \/><\/a><\/div><\/figure><\/div><div class=\"id-1144 vcex-image-grid-entry vcex-grid-item textcenter span_1_of_6 col col-5\"><figure class=\"vcex-image-grid-entry-figure wpex-last-mb-0 wpex-clr\"><div class=\"vcex-image-grid-entry-img entry-media wpex-mb-20\"><a href=\"https:\/\/honzajede.cz\/wp-content\/uploads\/2022\/11\/20221108_155733.jpg\" class=\"vcex-image-grid-entry-img wpex-lightbox-group-item\" ><img decoding=\"async\" width=\"750\" height=\"1000\" src=\"https:\/\/honzajede.cz\/wp-content\/uploads\/2022\/11\/20221108_155733.jpg\" class=\"wpex-align-middle\" alt=\"\" loading=\"lazy\" srcset=\"https:\/\/honzajede.cz\/wp-content\/uploads\/2022\/11\/20221108_155733.jpg 750w, https:\/\/honzajede.cz\/wp-content\/uploads\/2022\/11\/20221108_155733-225x300.jpg 225w\" sizes=\"(max-width: 750px) 100vw, 750px\" \/><\/a><\/div><\/figure><\/div><\/div><\/div>[\/vc_column][\/vc_row][vc_row][vc_column]<h2 class=\"vcex-heading vcex-module wpex-text-2xl wpex-font-normal wpex-m-auto wpex-max-w-100 vcex-heading-plain wpex-block\" style=\"font-size:20px;font-weight:500;\"><span class=\"vcex-heading-inner wpex-inline-block wpex-clr\">Summary<\/span><\/h2>[vc_empty_space height=&#8221;16px&#8221;][vc_column_text]The Canyon Grizl CF is a universal fast bike with which you can go multi-day bikepacking or a quick swing after work. Especially if you get a road set of wheels for the bike, the possibilities are almost limitless. For this season (2022), I have flown over 5 000 km and I still really enjoy this gravel.[\/vc_column_text][\/vc_column][\/vc_row]\n","protected":false},"excerpt":{"rendered":"<p>[vc_row][vc_column][vc_column_text]I&#8217;ve been eyeing some gravel for a while. And since Canyon has wheels with well-balanced components at a good price, I checked out the Canyon Grizl CF 6. But since it wasn&#8217;t in stock, I did some more googling, thought, and finally decided on the 2&#215;11 drivetrain that the Grizl CF 7 model has. My&hellip;<\/p>\n","protected":false},"author":1,"featured_media":0,"parent":0,"menu_order":0,"comment_status":"closed","ping_status":"closed","template":"","meta":{"footnotes":"","_wp_rev_ctl_limit":""},"yoast_head":"<!-- This site is optimized with the Yoast SEO plugin v21.9 - https:\/\/yoast.com\/wordpress\/plugins\/seo\/ -->\n<title>Gravel Canyon Grizl CF 7 | HONZA JEDE!<\/title>\n<meta name=\"description\" content=\"I rode around 10 000 km on Canyon Grizl CF. Check out my short review of the bike.\" \/>\n<meta name=\"robots\" content=\"index, follow, max-snippet:-1, max-image-preview:large, max-video-preview:-1\" \/>\n<link rel=\"canonical\" href=\"https:\/\/honzajede.cz\/en\/gravel-canyon-grizl-cf-7\/\" \/>\n<meta property=\"og:locale\" content=\"en_US\" \/>\n<meta property=\"og:type\" content=\"article\" \/>\n<meta property=\"og:title\" content=\"Gravel Canyon Grizl CF 7 | HONZA JEDE!\" \/>\n<meta property=\"og:description\" content=\"I rode around 10 000 km on Canyon Grizl CF. Check out my short review of the bike.\" \/>\n<meta property=\"og:url\" content=\"https:\/\/honzajede.cz\/en\/gravel-canyon-grizl-cf-7\/\" \/>\n<meta property=\"og:site_name\" content=\"HONZA JEDE!\" \/>\n<meta property=\"article:publisher\" content=\"https:\/\/www.facebook.com\/Honzajedecz-108304548601117\" \/>\n<meta property=\"article:modified_time\" content=\"2023-09-22T15:23:39+00:00\" \/>\n<meta name=\"twitter:card\" content=\"summary_large_image\" \/>\n<meta name=\"twitter:label1\" content=\"Est. reading time\" \/>\n\t<meta name=\"twitter:data1\" content=\"2 minutes\" \/>\n<script type=\"application\/ld+json\" class=\"yoast-schema-graph\">{\"@context\":\"https:\/\/schema.org\",\"@graph\":[{\"@type\":\"WebPage\",\"@id\":\"https:\/\/honzajede.cz\/en\/gravel-canyon-grizl-cf-7\/\",\"url\":\"https:\/\/honzajede.cz\/en\/gravel-canyon-grizl-cf-7\/\",\"name\":\"Gravel Canyon Grizl CF 7 | HONZA JEDE!\",\"isPartOf\":{\"@id\":\"https:\/\/honzajede.cz\/#website\"},\"datePublished\":\"2022-11-15T13:09:13+00:00\",\"dateModified\":\"2023-09-22T15:23:39+00:00\",\"description\":\"I rode around 10 000 km on Canyon Grizl CF. Check out my short review of the bike.\",\"breadcrumb\":{\"@id\":\"https:\/\/honzajede.cz\/en\/gravel-canyon-grizl-cf-7\/#breadcrumb\"},\"inLanguage\":\"en-US\",\"potentialAction\":[{\"@type\":\"ReadAction\",\"target\":[\"https:\/\/honzajede.cz\/en\/gravel-canyon-grizl-cf-7\/\"]}]},{\"@type\":\"BreadcrumbList\",\"@id\":\"https:\/\/honzajede.cz\/en\/gravel-canyon-grizl-cf-7\/#breadcrumb\",\"itemListElement\":[{\"@type\":\"ListItem\",\"position\":1,\"name\":\"Dom\u016f\",\"item\":\"https:\/\/honzajede.cz\/en\/\"},{\"@type\":\"ListItem\",\"position\":2,\"name\":\"Gravel Canyon Grizl CF 7\"}]},{\"@type\":\"WebSite\",\"@id\":\"https:\/\/honzajede.cz\/#website\",\"url\":\"https:\/\/honzajede.cz\/\",\"name\":\"HONZA JEDE! | Blog o bikepackingu, MTB a silni\u010dn\u00ed cyklistice\",\"description\":\"Na kole nejen po \u010cR | Blog o bikepackingu\",\"publisher\":{\"@id\":\"https:\/\/honzajede.cz\/#\/schema\/person\/49c30288a25e9c5fdb8b5b82960b31d1\"},\"potentialAction\":[{\"@type\":\"SearchAction\",\"target\":{\"@type\":\"EntryPoint\",\"urlTemplate\":\"https:\/\/honzajede.cz\/?s={search_term_string}\"},\"query-input\":\"required name=search_term_string\"}],\"inLanguage\":\"en-US\"},{\"@type\":[\"Person\",\"Organization\"],\"@id\":\"https:\/\/honzajede.cz\/#\/schema\/person\/49c30288a25e9c5fdb8b5b82960b31d1\",\"name\":\"Honza\",\"image\":{\"@type\":\"ImageObject\",\"inLanguage\":\"en-US\",\"@id\":\"https:\/\/honzajede.cz\/#\/schema\/person\/image\/\",\"url\":\"https:\/\/honzajede.cz\/wp-content\/uploads\/2022\/06\/honzajede.cz-logo-01_orez.png\",\"contentUrl\":\"https:\/\/honzajede.cz\/wp-content\/uploads\/2022\/06\/honzajede.cz-logo-01_orez.png\",\"width\":1848,\"height\":1852,\"caption\":\"Honza\"},\"logo\":{\"@id\":\"https:\/\/honzajede.cz\/#\/schema\/person\/image\/\"},\"sameAs\":[\"https:\/\/honzajede.cz\",\"https:\/\/www.facebook.com\/Honzajedecz-108304548601117\",\"https:\/\/www.instagram.com\/honzajede.cz\/\"]}]}<\/script>\n<!-- \/ Yoast SEO plugin. -->","yoast_head_json":{"title":"Gravel Canyon Grizl CF 7 | HONZA JEDE!","description":"I rode around 10 000 km on Canyon Grizl CF. Check out my short review of the bike.","robots":{"index":"index","follow":"follow","max-snippet":"max-snippet:-1","max-image-preview":"max-image-preview:large","max-video-preview":"max-video-preview:-1"},"canonical":"https:\/\/honzajede.cz\/en\/gravel-canyon-grizl-cf-7\/","og_locale":"en_US","og_type":"article","og_title":"Gravel Canyon Grizl CF 7 | HONZA JEDE!","og_description":"I rode around 10 000 km on Canyon Grizl CF. Check out my short review of the bike.","og_url":"https:\/\/honzajede.cz\/en\/gravel-canyon-grizl-cf-7\/","og_site_name":"HONZA JEDE!","article_publisher":"https:\/\/www.facebook.com\/Honzajedecz-108304548601117","article_modified_time":"2023-09-22T15:23:39+00:00","twitter_card":"summary_large_image","twitter_misc":{"Est. reading time":"2 minutes"},"schema":{"@context":"https:\/\/schema.org","@graph":[{"@type":"WebPage","@id":"https:\/\/honzajede.cz\/en\/gravel-canyon-grizl-cf-7\/","url":"https:\/\/honzajede.cz\/en\/gravel-canyon-grizl-cf-7\/","name":"Gravel Canyon Grizl CF 7 | HONZA JEDE!","isPartOf":{"@id":"https:\/\/honzajede.cz\/#website"},"datePublished":"2022-11-15T13:09:13+00:00","dateModified":"2023-09-22T15:23:39+00:00","description":"I rode around 10 000 km on Canyon Grizl CF. Check out my short review of the bike.","breadcrumb":{"@id":"https:\/\/honzajede.cz\/en\/gravel-canyon-grizl-cf-7\/#breadcrumb"},"inLanguage":"en-US","potentialAction":[{"@type":"ReadAction","target":["https:\/\/honzajede.cz\/en\/gravel-canyon-grizl-cf-7\/"]}]},{"@type":"BreadcrumbList","@id":"https:\/\/honzajede.cz\/en\/gravel-canyon-grizl-cf-7\/#breadcrumb","itemListElement":[{"@type":"ListItem","position":1,"name":"Dom\u016f","item":"https:\/\/honzajede.cz\/en\/"},{"@type":"ListItem","position":2,"name":"Gravel Canyon Grizl CF 7"}]},{"@type":"WebSite","@id":"https:\/\/honzajede.cz\/#website","url":"https:\/\/honzajede.cz\/","name":"HONZA JEDE! | Blog o bikepackingu, MTB a silni\u010dn\u00ed cyklistice","description":"Na kole nejen po \u010cR | Blog o bikepackingu","publisher":{"@id":"https:\/\/honzajede.cz\/#\/schema\/person\/49c30288a25e9c5fdb8b5b82960b31d1"},"potentialAction":[{"@type":"SearchAction","target":{"@type":"EntryPoint","urlTemplate":"https:\/\/honzajede.cz\/?s={search_term_string}"},"query-input":"required name=search_term_string"}],"inLanguage":"en-US"},{"@type":["Person","Organization"],"@id":"https:\/\/honzajede.cz\/#\/schema\/person\/49c30288a25e9c5fdb8b5b82960b31d1","name":"Honza","image":{"@type":"ImageObject","inLanguage":"en-US","@id":"https:\/\/honzajede.cz\/#\/schema\/person\/image\/","url":"https:\/\/honzajede.cz\/wp-content\/uploads\/2022\/06\/honzajede.cz-logo-01_orez.png","contentUrl":"https:\/\/honzajede.cz\/wp-content\/uploads\/2022\/06\/honzajede.cz-logo-01_orez.png","width":1848,"height":1852,"caption":"Honza"},"logo":{"@id":"https:\/\/honzajede.cz\/#\/schema\/person\/image\/"},"sameAs":["https:\/\/honzajede.cz","https:\/\/www.facebook.com\/Honzajedecz-108304548601117","https:\/\/www.instagram.com\/honzajede.cz\/"]}]}},"_links":{"self":[{"href":"https:\/\/honzajede.cz\/en\/wp-json\/wp\/v2\/pages\/1281"}],"collection":[{"href":"https:\/\/honzajede.cz\/en\/wp-json\/wp\/v2\/pages"}],"about":[{"href":"https:\/\/honzajede.cz\/en\/wp-json\/wp\/v2\/types\/page"}],"author":[{"embeddable":true,"href":"https:\/\/honzajede.cz\/en\/wp-json\/wp\/v2\/users\/1"}],"replies":[{"embeddable":true,"href":"https:\/\/honzajede.cz\/en\/wp-json\/wp\/v2\/comments?post=1281"}],"version-history":[{"count":1,"href":"https:\/\/honzajede.cz\/en\/wp-json\/wp\/v2\/pages\/1281\/revisions"}],"predecessor-version":[{"id":1283,"href":"https:\/\/honzajede.cz\/en\/wp-json\/wp\/v2\/pages\/1281\/revisions\/1283"}],"wp:attachment":[{"href":"https:\/\/honzajede.cz\/en\/wp-json\/wp\/v2\/media?parent=1281"}],"curies":[{"name":"wp","href":"https:\/\/api.w.org\/{rel}","templated":true}]}}